{"id":52,"date":"2022-12-28T10:55:05","date_gmt":"2022-12-28T10:55:05","guid":{"rendered":"https:\/\/cornieljezorg.nl\/?page_id=52"},"modified":"2023-01-01T21:44:48","modified_gmt":"2023-01-01T21:44:48","slug":"waarom-cornielje-zorg","status":"publish","type":"page","link":"https:\/\/cornieljezorg.nl\/","title":{"rendered":"Waarom Cornielje Zorg?"},"content":{"rendered":"\n<p>Het voornaamste doel van Cornielje Zorg is om een goede bijdrage aan de kwaliteit van leven te verbeteren van de mensen die het nodig hebben.<\/p>\n\n\n\n<p>Cornielje Zorg helpt om ervoor te zorgen dat aan de basisbehoeften van de personen tegemoet gekomen wordt. De waarden die Cornielje Zorg aan de zorg kan koppelen zijn veiligheid, verantwoordelijkheid voor de gezondheidszorg van de pati\u00ebnt, professionaliteit, rechtvaardigheid, autonomie van de pati\u00ebnt, het welbevinden van de pati\u00ebnt, \u00a0eerlijkheid en oprechtheid. D\u00e1t is Cornielje Zorg. <\/p>\n\n\n\n<p>D\u00e1\u00e1rom Cornielje Zorg!&nbsp;<\/p>\n\n\n<div class=\"wp-block-image\">\n<figure class=\"aligncenter size-full\"><img loading=\"lazy\" decoding=\"async\" width=\"300\" height=\"283\" src=\"https:\/\/cornieljezorg.nl\/wp-content\/uploads\/2022\/12\/caregiver.jpeg\" alt=\"\" class=\"wp-image-99\"\/><\/figure>\n<\/div>","protected":false},"excerpt":{"rendered":"<p>Het voornaamste doel van Cornielje Zorg is om een goede bijdrage aan de kwaliteit van leven te verbeteren van de mensen die het nodig hebben. Cornielje Zorg helpt om ervoor te zorgen dat aan de basisbehoeften van de personen tegemoet gekomen wordt. De waarden die Cornielje Zorg aan de zorg kan koppelen zijn veiligheid, verantwoordelijkheid &#8230; <a title=\"Waarom Cornielje Zorg?\" class=\"read-more\" href=\"https:\/\/cornieljezorg.nl\/\" aria-label=\"Meer op Waarom Cornielje Zorg?\">Lees meer<\/a><\/p>\n","protected":false},"author":1,"featured_media":0,"parent":0,"menu_order":0,"comment_status":"closed","ping_status":"closed","template":"","meta":{"footnotes":""},"class_list":["post-52","page","type-page","status-publish"],"_links":{"self":[{"href":"https:\/\/cornieljezorg.nl\/index.php\/wp-json\/wp\/v2\/pages\/52","targetHints":{"allow":["GET"]}}],"collection":[{"href":"https:\/\/cornieljezorg.nl\/index.php\/wp-json\/wp\/v2\/pages"}],"about":[{"href":"https:\/\/cornieljezorg.nl\/index.php\/wp-json\/wp\/v2\/types\/page"}],"author":[{"embeddable":true,"href":"https:\/\/cornieljezorg.nl\/index.php\/wp-json\/wp\/v2\/users\/1"}],"replies":[{"embeddable":true,"href":"https:\/\/cornieljezorg.nl\/index.php\/wp-json\/wp\/v2\/comments?post=52"}],"version-history":[{"count":7,"href":"https:\/\/cornieljezorg.nl\/index.php\/wp-json\/wp\/v2\/pages\/52\/revisions"}],"predecessor-version":[{"id":128,"href":"https:\/\/cornieljezorg.nl\/index.php\/wp-json\/wp\/v2\/pages\/52\/revisions\/128"}],"wp:attachment":[{"href":"https:\/\/cornieljezorg.nl\/index.php\/wp-json\/wp\/v2\/media?parent=52"}],"curies":[{"name":"wp","href":"https:\/\/api.w.org\/{rel}","templated":true}]}}